{"id":17,"date":"2015-05-20T14:39:05","date_gmt":"2015-05-20T13:39:05","guid":{"rendered":"http:\/\/gesundheit-und-naturschutz.de\/?page_id=17"},"modified":"2017-05-23T14:56:13","modified_gmt":"2017-05-23T13:56:13","slug":"rentabilitat","status":"publish","type":"page","link":"http:\/\/gesundheit-und-naturschutz.de\/?page_id=17","title":{"rendered":"Rentabilit\u00e4t"},"content":{"rendered":"<p><span class=\"green\">Windkraft Industrieanlagen in Starkwindregionen sind durch die Subventionen und F\u00f6rderungen rentabel. In Schwachwindgebieten ist das aber anders. Trotz der Subventionen sind die meisten Anlegen defizit\u00e4r.<\/span><\/p>\n<h2>Windkraft: Kommunaler Rotor bringt nicht den geplanten Ertrag<\/h2>\n<p><a href=\"http:\/\/www.echo-online.de\/region\/odenwaldkreis\/luetzelbach\/Windkraft-Kommunaler-Rotor-bringt-nicht-den-geplanten-Ertrag;art1273,5947520\" target=\"_blank\">www.echo-online.de<\/a><\/p>\n<p>&#8230;Mit einer Verl\u00e4ngerung der Kreditlaufzeit durch Tilgungsaussetzung um 18 Monate m\u00f6chte sich die Windpark Hainhaus GmbH &amp; Co KG eine Art Puffer verschaffen. Dies ist n\u00f6tig geworden, nachdem die wirtschaftliche Entwicklung dieses Unternehmens, an dem die Gemeinde L\u00fctzelbach mit 45 Prozent beteiligt ist, in den Gesch\u00e4ftsjahren 2013 und 2014 \u2013 wie berichtet \u2013 hinter den Planwerten der Wirtschaftlichkeitsprognose zur\u00fcck- geblieben ist. Somit gilt die Liquidit\u00e4t des kommunalen Windrades nahe des L\u00fctzelbacher Ortsteiles Breitenbrunn als unsicher\u2026<\/p>\n<h2>Zwei Drittel der Windkraft Industrieanlagen Onshore sind nicht rentabel<\/h2>\n<p><span class=\"green\">Februar 2013 Praxiserfahrungen mit der Wirtschaftlichkeit von B\u00fcrgerwindparks in Deutschland Bundesverband Windenergie e.V.<\/span><\/p>\n<p><a href=\"http:\/\/www.energieagentur-goettingen.de\/fileadmin\/files\/downloads\/130213_Daldorf_Praxiserfahrungen_mit_BA__1_4rgerwindparks.pdf\" target=\"_blank\">www.energieagentur-goettingen.de<\/a><\/p>\n<p><span class=\"green\">Der Odenwald ist eines der windschw\u00e4chsten Regionen in Europa, noch windschw\u00e4cher als der Pf\u00e4lzer Wald! Windkraft Industrieanlagen sind wirtschaftlich hoch riskant! \u00dcber 1.000 Windkraft Industrieanlagen in Rheinland-Pfalz (2\/3) sind unprofitabel bis defizit\u00e4r.<\/span><\/p>\n<h2>Von der Euphorie zur Ern\u00fcchterung &#8211; Entt\u00e4uschte Anleger berichten: zu gro\u00dfer planerischer Optimismus und falsche Windprognosen.<\/h2>\n<p><cite>11.9.2014 zur Sache Rheinland-Pfalz! Wie rentabel sind Windr\u00e4der wirklich?<\/cite><\/p>\n<p><a href=\"https:\/\/swrmediathek.de\/player.htm?show=2b389f40-3a60-11e4-9f31-0026b975f2e6\" target=\"_blank\">swrmediathek.de<\/a><\/p>\n","protected":false},"excerpt":{"rendered":"<p>Windkraft Industrieanlagen in Starkwindregionen sind durch die Subventionen und F\u00f6rderungen rentabel. In Schwachwindgebieten ist das aber anders. Trotz der Subventionen sind die meisten Anlegen defizit\u00e4r. Windkraft: Kommunaler Rotor bringt nicht den geplanten Ertrag www.echo-online.de &#8230;Mit einer Verl\u00e4ngerung der Kreditlaufzeit durch Tilgungsaussetzung um 18 Monate m\u00f6chte sich die Windpark Hainhaus GmbH &amp; Co KG eine Art &hellip; <a href=\"http:\/\/gesundheit-und-naturschutz.de\/?page_id=17\" class=\"more-link\">Continue reading <span class=\"screen-reader-text\">Rentabilit\u00e4t<\/span><\/a><\/p>\n","protected":false},"author":1,"featured_media":195,"parent":205,"menu_order":3,"comment_status":"open","ping_status":"closed","template":"","meta":[],"_links":{"self":[{"href":"http:\/\/gesundheit-und-naturschutz.de\/index.php?rest_route=\/wp\/v2\/pages\/17"}],"collection":[{"href":"http:\/\/gesundheit-und-naturschutz.de\/index.php?rest_route=\/wp\/v2\/pages"}],"about":[{"href":"http:\/\/gesundheit-und-naturschutz.de\/index.php?rest_route=\/wp\/v2\/types\/page"}],"author":[{"embeddable":true,"href":"http:\/\/gesundheit-und-naturschutz.de\/index.php?rest_route=\/wp\/v2\/users\/1"}],"replies":[{"embeddable":true,"href":"http:\/\/gesundheit-und-naturschutz.de\/index.php?rest_route=%2Fwp%2Fv2%2Fcomments&post=17"}],"version-history":[{"count":7,"href":"http:\/\/gesundheit-und-naturschutz.de\/index.php?rest_route=\/wp\/v2\/pages\/17\/revisions"}],"predecessor-version":[{"id":178,"href":"http:\/\/gesundheit-und-naturschutz.de\/index.php?rest_route=\/wp\/v2\/pages\/17\/revisions\/178"}],"up":[{"embeddable":true,"href":"http:\/\/gesundheit-und-naturschutz.de\/index.php?rest_route=\/wp\/v2\/pages\/205"}],"wp:featuredmedia":[{"embeddable":true,"href":"http:\/\/gesundheit-und-naturschutz.de\/index.php?rest_route=\/wp\/v2\/media\/195"}],"wp:attachment":[{"href":"http:\/\/gesundheit-und-naturschutz.de\/index.php?rest_route=%2Fwp%2Fv2%2Fmedia&parent=17"}],"curies":[{"name":"wp","href":"https:\/\/api.w.org\/{rel}","templated":true}]}}