{"id":19,"date":"2015-05-20T14:39:19","date_gmt":"2015-05-20T13:39:19","guid":{"rendered":"http:\/\/gesundheit-und-naturschutz.de\/?page_id=19"},"modified":"2017-05-23T14:57:58","modified_gmt":"2017-05-23T13:57:58","slug":"windkraft-industrieanlagen-eine-stressige-sicht-optische-bedrangnis","status":"publish","type":"page","link":"http:\/\/gesundheit-und-naturschutz.de\/?page_id=19","title":{"rendered":"Windkraft Industrieanlagen \u2013 eine stressige Sicht \u2013 \u201eoptische Bedr\u00e4ngnis\u201c"},"content":{"rendered":"<h2>\u00dcber Tag:<\/h2>\n<p>Konventionelle Industrieanlagen \u201estehen\u201c, d.h. sie \u201ebewegen sich nicht\u201c. Dadurch sind sie f\u00fcr das Auge statisch.<br \/>\n<span class=\"green\">Windkraft Industrieanlagen \u201ebewegen\u201c sich. Die bewegenden Teile \u2013 Rotoren \u2013 binden permanent die Aufmerksamkeit der Augen. Die Wahrnehmung kommt nicht zur Ruhe, sie ist gereizt.<\/span><\/p>\n<h2>\u00dcber Nacht:<\/h2>\n<p><span class=\"green\">Die roten Warnblinklichter, wie man sie von hohen Geb\u00e4uden kennt, erhellen km-weit die Peripherie, wie z.B. beim Gro\u00dfkraftwerk Mannheim.<\/span><\/p>\n<p>Zum H\u00f6henvergleich:<br \/>\n\u201eDie beiden Kamine der Bl\u00f6cke 7 und 8 sind mit 200 Metern H\u00f6he das zweith\u00f6chste Bauwerk in Mannheim, nach dem Mannheimer Fernmeldeturm\u201c (letzteres ist 213 m hoch)<br \/>\n<a href=\"http:\/\/de.wikipedia.org\/wiki\/Grosskraftwerk_Mannheim\" target=\"_blank\">http:\/\/de.wikipedia.org\/wiki\/Grosskraftwerk_Mannheim<\/a><\/p>\n<p>Die geplanten Windkraft Industrieanlagen mit einer Narbenh\u00f6he von ca. 150 m und einem Rotordurchmesser von 115 m http:\/\/www.enercon.de\/de-de\/2312.htm liegen von der H\u00f6he her zwischen den beiden markanten Mannheimer Hochgeb\u00e4uden \u2013 und sind dennoch doppelt so hoch, da sie nicht in der Ebene stehen, sondern auf dem Berg. Sie blinken nachts in roter Warnbeleuchtung.<\/p>\n<p><span class=\"green\">Windkraft Industrieanlagen erzeugen Schall in einer gro\u00dfen Bandbreite im niedrigen Frequenzbereich, die die Gesundheit in erheblicher Weise gef\u00e4hrden k\u00f6nnen.<\/span><\/p>\n<h3>Pressestimmen<\/h3>\n<h2>European Platform against Windfarms<\/h2>\n<p><span class=\"green\">Optische Bedr\u00e4ngnis<\/span><\/p>\n<p><a href=\"http:\/\/www.epaw.org\/multimedia.php?lang=de&amp;matter=visual\" target=\"_blank\">www.epaw.org<\/a><\/p>\n","protected":false},"excerpt":{"rendered":"<p>\u00dcber Tag: Konventionelle Industrieanlagen \u201estehen\u201c, d.h. sie \u201ebewegen sich nicht\u201c. Dadurch sind sie f\u00fcr das Auge statisch. Windkraft Industrieanlagen \u201ebewegen\u201c sich. Die bewegenden Teile \u2013 Rotoren \u2013 binden permanent die Aufmerksamkeit der Augen. Die Wahrnehmung kommt nicht zur Ruhe, sie ist gereizt. \u00dcber Nacht: Die roten Warnblinklichter, wie man sie von hohen Geb\u00e4uden kennt, erhellen &hellip; <a href=\"http:\/\/gesundheit-und-naturschutz.de\/?page_id=19\" class=\"more-link\">Continue reading <span class=\"screen-reader-text\">Windkraft Industrieanlagen \u2013 eine stressige Sicht \u2013 \u201eoptische Bedr\u00e4ngnis\u201c<\/span><\/a><\/p>\n","protected":false},"author":1,"featured_media":0,"parent":205,"menu_order":4,"comment_status":"open","ping_status":"closed","template":"","meta":[],"_links":{"self":[{"href":"http:\/\/gesundheit-und-naturschutz.de\/index.php?rest_route=\/wp\/v2\/pages\/19"}],"collection":[{"href":"http:\/\/gesundheit-und-naturschutz.de\/index.php?rest_route=\/wp\/v2\/pages"}],"about":[{"href":"http:\/\/gesundheit-und-naturschutz.de\/index.php?rest_route=\/wp\/v2\/types\/page"}],"author":[{"embeddable":true,"href":"http:\/\/gesundheit-und-naturschutz.de\/index.php?rest_route=\/wp\/v2\/users\/1"}],"replies":[{"embeddable":true,"href":"http:\/\/gesundheit-und-naturschutz.de\/index.php?rest_route=%2Fwp%2Fv2%2Fcomments&post=19"}],"version-history":[{"count":12,"href":"http:\/\/gesundheit-und-naturschutz.de\/index.php?rest_route=\/wp\/v2\/pages\/19\/revisions"}],"predecessor-version":[{"id":159,"href":"http:\/\/gesundheit-und-naturschutz.de\/index.php?rest_route=\/wp\/v2\/pages\/19\/revisions\/159"}],"up":[{"embeddable":true,"href":"http:\/\/gesundheit-und-naturschutz.de\/index.php?rest_route=\/wp\/v2\/pages\/205"}],"wp:attachment":[{"href":"http:\/\/gesundheit-und-naturschutz.de\/index.php?rest_route=%2Fwp%2Fv2%2Fmedia&parent=19"}],"curies":[{"name":"wp","href":"https:\/\/api.w.org\/{rel}","templated":true}]}}