{"id":21,"date":"2015-05-20T14:39:41","date_gmt":"2015-05-20T13:39:41","guid":{"rendered":"http:\/\/gesundheit-und-naturschutz.de\/?page_id=21"},"modified":"2017-05-23T15:01:25","modified_gmt":"2017-05-23T14:01:25","slug":"schall-und-infraschall-und-gesundheit","status":"publish","type":"page","link":"http:\/\/gesundheit-und-naturschutz.de\/?page_id=21","title":{"rendered":"Schall und Infraschall und Gesundheit"},"content":{"rendered":"<p>Teilweise ist der Schall h\u00f6rbar<br \/>\n\u2013 man spricht dann vom tieffrequenten Schall (20 bis 200 Hz)<br \/>\nTeilweise ist der Schall nicht h\u00f6rbar<br \/>\n\u2013 man spricht dann vom Infraschall (unter 20 Hz)<br \/>\nSchall<br \/>\nDer h\u00f6rbare L\u00e4rm im tieffrequenten Bereich ist in unserer l\u00e4ndlichen und ruhigen Region viel unangenehmer als in einer Industrieregion wegen des Unterschieds der L\u00e4rmsituation \u2013 ohne Wind ganz leise, mit Wind so laut wie im Industriegebiet.<\/p>\n<p><span class=\"green\">Durch die Pulsung der T\u00f6ne (anders als beim Verkehr das gleichm\u00e4\u00dfige Rauschen) kann der Schall so zerm\u00fcrbend wirken wie ein laut tropfender Wasserhahn.<\/span><br \/>\nInfraschall<br \/>\n<span class=\"green\">Der Infraschall macht dagegen definitiv krank. Das wird auf der internationalen Ebene schon lange ausgiebig diskutiert und es gibt deshalb schon etliche restriktive Konsequenzen. Infraschall hat eine so hohe biologische Relevanz, da er in Resonanz geht mit der Eigenfrequenz etli- cher Organe und mit den Frequenzen der Gehirnwellen.<\/span><\/p>\n<p>Die Infraschall Frequenzen (0,5 \u2013 20 Hz) wirken vor allem auf den Schlaf, bei dem sich die Gehirnfrequenzen im Theta- (bis 4 Hz) und Deltabereich (bis 8 Hz) befinden, besonders bei Kindern, vor allem bei Kleinkindern.<br \/>\nGest\u00f6rter Schlaf und gest\u00f6rte Kindheitsentwicklung stellen schwere Folgen f\u00fcr die Gesundheit dar, die bei Kindern auch unumkehrbar sein k\u00f6nnen.<\/p>\n<p>Internet Informationen<\/p>\n<h2>Gehirnfrequenzen<\/h2>\n<p><span class=\"green\">und ihre Funktionen: Delta \u2013 Theta \u2013 Alpha \u2013 Beta<\/span><\/p>\n<p><a href=\"http:\/\/de.wikipedia.org\/wiki\/Elektroenzephalografie\" target=\"_blank\">http:\/\/de.wikipedia.org\/wiki\/Elektroenzephalografie<\/a><\/p>\n<h4>Delta-Wellen<\/h4>\n<p>&#8230; Delta-Wellen weisen eine niedrige Frequenz von 0,1 bis < 4 Hz auf. Sie sind typisch f\u00fcr die meist traumlose Tiefschlafphase (N3, slow wave sleep SWS). Bei S\u00e4uglingen sind sie auch im Wach-EEG physiologisch, bei \u00e4lteren Kindern k\u00f6nnen sie in den normalen occipi- talen Grundrhythmus eingelagert sein ....\n\n\n<h4>Theta-Wellen<\/h4>\n<p>&#8230; Als Theta-Welle wird ein Signal im Frequenzbereich zwischen 4 und <8 Hz bezeichnet. Sie treten vermehrt bei Schl\u00e4frigkeit und in den leichten Schlafphasen N1 und N2 auf. Im Wachzustand sind sie bei Kleinkindern physiologisch\u2026.\n\n\n\n\n<h2>Gradiavita \u2013 die Kunst der Intuition<\/h2>\n<p><span class=\"green\">F\u00fcr die aktive Nutzung von Intuition, Imagination, Visualisierung und Fantasie braucht es die Gehirnfrequenz im Alphabereich von 8 \u2013 10 Hz. St\u00f6rungen wie Infaschall wirken auf die Konfiguration der Gehirnfunktionen<\/span><\/p>\n<p><a href=\"http:\/\/www.gradiavita.de\/de\/gehirnwellen\/?child=114\" target=\"_blank\">http:\/\/www.gradiavita.de\/<\/a><\/p>\n<p>&#8230;.Dazu braucht es eine Balance der Gehirnstr\u00f6me, besonders einen ausgepr\u00e4gten Alpha Bereich (von 8 \u2013 14 Hz), der eine Br\u00fccke vom Bewussten zum Unterbewussten und zum Unbewussten bildet&#8230;.<\/p>\n<p><span class=\"green\">und weiter:<\/span><br \/>\n\u201eDas Hirnwellenmuster des \u201aAwakened Mind\u2018 ist eine Kombination aller vorgenannten Hirnwellen \u2013 Beta, Alpha, Theta und Delta gleichzeitig. Wenn wir diese Frequenzen zusam- men in richtigem Verh\u00e4ltnis und gelungener Beziehung zueinander hervorbringen, erleben wir das intuitive Radar der Delta-Wellen, die kreative Inspiration, pers\u00f6nliche Einsicht und die spirituelle Bewusstheit der Theta-Wellen, das entspannende, losgel\u00f6ste Bewusstsein der Alpha-Wellen und die F\u00e4higkeit der Beta-Wellen, Gedanken bewusst zu verarbeiten \u2013 alles zur selben Zeit.\u201c (<i>Anna Wise: Power Mind Training, Junfermann Verlag, 1998<\/i>)<\/p>\n<h3>Pressestimmen<\/h3>\n<h2>Macht der Infraschall von Windkraftanlagen krank?<\/h2>\n<p><span class=\"green\">Gesundheitsbeschwerden durch Windkraft Industrieanlagen schaffen viel Leid bei betroffenen Menschen (besonders Familien mit Kindern) und werden mittlerweile zum volkswirtschaftlichen Problem<\/span><br \/>\n<cite>2.3.2015 \u2013 Die Welt<\/cite><br \/>\n<a href=\"http:\/\/www.welt.de\/wirtschaft\/energie\/article137970641\/Macht-der-Infraschall-von-Windkraftanlagen-krank.html\" target=\"_blank\">www.welt.de<\/a><br \/>\n&#8230; aus Angst vor Gesundheitssch\u00e4den durch Infraschall werden in D\u00e4nemark kaum noch Windenergie-Anlagen gebaut. Eine staatliche Untersuchung l\u00e4uft. Deutsche Beh\u00f6rden spielen das Problem noch herunter\u2026<\/p>\n<h2>Der unh\u00f6rbare L\u00e4rm von Windkraftanlagen<\/h2>\n<p><span class=\"green\">Die Bundesanstalt f\u00fcr Geowissenschaften und Rohstoffe ermittelt den Abstand von Windkraft Industrieanlagen zu Messstationen (z.B. f\u00fcr die \u00dcberwachung des Kernwaffensperrvertrags)<\/span><br \/>\n<cite>2007 \u2013 Webseite der BGR<\/cite><br \/>\n<a href=\"http:\/\/www.bgr.bund.de\/DE\/Themen\/Erdbeben-Gefaehrdungsanalysen\/Seismologie\/Kernwaffenteststopp\/ Verifikation\/Infraschall\/Quellen_Phaenomene\/Feldmessungen\/windkraftanlagen.html\" target=\"_blank\"> www.bgr.bund.de <\/a><br \/>\n&#8230; In der Regel sollte ein Abstand von etwa 20 km zwischen Station und Windpark einge- halten werden, um eine ungest\u00f6rte Registrierung und Detektion transienter akustischer Signale zu gew\u00e4hrleisten. Sofern ein Windpark \u00fcber die betrachtete Gr\u00f6\u00dfe von zw\u00f6lf Ele- menten mit 600 kW-Windr\u00e4dern und das elektrische Produktionspotenzial von knapp 7 MW hinausgeht, m\u00fcsste der Abstand gr\u00f6\u00dfer gew\u00e4hlt werden. Wegen der geometrischen D\u00e4mpfung erscheint jedoch ein Abstand von 25 km f\u00fcr jede Art von Windpark ausreichend.<\/p>\n<p><span class=\"green\">&#8230; und f\u00fcr Menschen ???<\/span><\/p>\n<h2>Regierungsfraktion (Bayern) setzt 10H-Regel f\u00fcr den Neubau von Windkraftanlagen durch<\/h2>\n<p><span class=\"green\">Bei der geplanten Anlagenh\u00f6he der Windkraft Industrieanlage auf der Sensbacher H\u00f6he von \u00fcber 200 m m\u00fcsste der Abstand 10 mal die Anlagenh\u00f6he so gro\u00df sein (= \u00fcber 2.000 m). Er betr\u00e4gt zu Sensbachtal, Gammelsbach und Beerfelden aber zum Teil sogar weniger als 1.000 m.<br \/>\nDiskutiert wird national und international die 10 H Regel, die den Menschen mehr Schutz b\u00f6te. Diese wird aber trotz Vereinbarung durch Ausnahmen oft unwirksam.<\/span><br \/>\n<cite>12. November 2014 \u2013 Bayrischer Landtag \u2013 Plenum<\/cite><br \/>\n<a href=\"https:\/\/www.bayern.landtag.de\/aktuelles\/sitzungen\/aus-dem-plenum\/regierungsfraktion-setzt-10h-regel-fuer-den-neubau-von-windkraftanlagen-durch\/\" target=\"_blank\">www.bayern.landtag.de<\/a><br \/>\n&#8230; Der CSU-Abgeordnete Otmar Bernhard begr\u00fcndete das Gesetz mit den immer h\u00f6her werdenden Windkraftanlagen. Deshalb m\u00fcsse auch der Schutz der benachbarten Bev\u00f6lkerung verbessert werden. &#8230;<\/p>\n<p><span class=\"green\">und weiter<\/span><br \/>\n&#8230; Den Abstand eines Bauwerks in Abh\u00e4ngigkeit von dessen H\u00f6he zu definieren, sei seit jeher Kernbestandteil der bayerischen Bauordnung.\u2026<\/p>\n<h2>European Platform Against Windfarms \u2013 200 m hohe Windkraftanlagen in 700 m N\u00e4he zu Wohnh\u00e4usern<\/h2>\n<p><span class=\"green\">Erfahrungsberichte<\/span><br \/>\n<cite>12. November 2014 \u2013 Bayrischer Landtag \u2013 Plenum<\/cite><br \/>\n<a href=\"http:\/\/www.epaw.org\/multimedia.php?lang=de&#038;article=n2\" target=\"_blank\">www.epaw.org<\/a><br \/>\n&#8230; Ich habe es nicht mit der Windkraftanlage in Verbindung gebracht.<br \/>\nIch war st\u00e4ndig m\u00fcde. Schlafst\u00f6rungen. Meine Frau hatte schwere Kopfschmerzen. Jeden Tag musste sie Schmerztabletten nehmen. Sp\u00e4ter bin ich depressiv geworden, also Medika- mente : Antidepressiva, dann Schlafmittel, usw&#8230;<br \/>\nSeit dem 5. Oktober bin ich aufgrund meiner Depression krankgeschrieben.<br \/>\nIch hoffe, ab dem 1. April wieder arbeiten zu k\u00f6nnen\u2026.<\/p>\n<p><span class=\"green\">und<\/span><br \/>\n&#8230; Nachts sind es eher die Ger\u00e4usche, aber selbst wenn sie nicht laut sind, ist es schwierig zu schlafen. Ich meine, heute Nacht habe ich nicht mehr Ger\u00e4usche geh\u00f6rt als an anderen Tagen. Aber um halb drei Uhr Nachts habe ich noch ferngesehen, weil ich nicht einschlafen konnte. Trotz der Medikamente wollte der Schlaf nicht kommen.<br \/>\nDie Kinder stehen 4 \u2013 5 mal pro Nacht auf, was vorher nie der Fall war. Sie kommen in unser Bett und wir m\u00fcssen sie wieder in ihr eigenes Bett bringen. Aber der Schlaf ist nicht wirklich erholsam, sie sind nicht so fit wie fr\u00fcher&#8230;<\/p>\n<h2>Neue Waffe Infraschall?<\/h2>\n<p><span class=\"green\">Infraschall sch\u00e4digt Menschen so sehr, dass man deren Wirkung und Einsatz auch milit\u00e4risch erforschte<\/span><br \/>\n<cite>2.5.1968 \u2013 Die Zeit<\/cite><br \/>\n<a href=\"http:\/\/www.zeit.de\/1968\/05\/neue-waffe-infraschall\" target=\"_blank\">www.zeit.de<\/a><br \/>\n&#8230;Gavreau zitiert deutsche Untersuchungen, wonach unh\u00f6rbar tiefe Frequenzen Seekrankheit oder \u00dcbelkeit, Schrecken und Panik ausl\u00f6sen k\u00f6nnen. Amerikanischen Untersuchungen zufolge l\u00e4\u00dft Infraschall Brust und Bauch erzittern, tr\u00fcbt die Sehkraft, erregt Schwindel und Schlappheit \u2026<\/p>\n<h2>Gesundheitsrisken durch Windkraft<\/h2>\n<p><span class=\"green\">Fazit: im Abstand von 1500-2000 m erleiden rund 20% der Anwohner Gesundheitssch\u00e4den durch Windkraft<\/span><br \/>\n<cite>25.11.2015 \u2013 Vortrag: \u00c4rzte f\u00fcr Immissionsschutz in Weilm\u00fcnster \u2013 Folie 27<\/cite><br \/>\n<a href=\"http:\/\/www.energieland.hessen.de\/aktion\/zukunftswerkstatt\/weilmuenster\/Gesundheit_Kuck.pdf\" target=\"_blank\">energieland.hessen.de<\/a><\/p>\n<h2>Diagnosekriterien f\u00fcr gesundheitssch\u00e4dliche Auswirkungen in der Umgebung von Windkraftanlagen<\/h2>\n<p><span class=\"green\">Diagnostische Kriterien f\u00fcr die gesundheitlichen Beeintr\u00e4chtigungen in der Umgebung von Windkraftanlagen<\/span><br \/>\n<cite>8.10.2014 \u2013 The Royal Society of Medicine, England<\/cite><br \/>\n<a href=\"http:\/\/shr.sagepub.com\/content\/5\/10\/2054270414554048.full.pdf+html\" target=\"_blank\">shr.sagepub.com<\/a><br \/>\n&#8230;Praktizierende Mediziner m\u00fcssen \u00fcber eine Bef\u00e4higung zur Anwendung der Kriterien verf\u00fcgen, um eine Anamnese (d.h. die Leidensgeschichte- Anm. d. Verf.) der medizinischen oder gesundheitlichen Entwicklung aufzunehmen und eine Diagnose zu stellen. \u00c4rzte sollten ber\u00fccksichtigen, dass Kinder ebenfalls betroffen sind, aber in einer Weise, die sich erheblich von Erwachsenen unterscheidet. Dies erfordert eine separate Betrachtung. Die h\u00e4ufigsten Beschwerden oder Symptome sind Schlafst\u00f6rungen oder Schwierigkeiten beim Einschlafen und \/ oder Schwierigkeiten durch Schlafunterbrechungen und \u00c4rger, der zu erh\u00f6htem Stress und \/ oder psychischer Belastung f\u00fchrt. Eine weitere h\u00e4ufige Beschwer- de bezieht sich auf Innenohr-Symptome. Abweichende Beschreibungen der Beschwerden k\u00f6nnen darauf zur\u00fcckgef\u00fchrt werden, dass Betroffene viele verschiedene W\u00f6rter nutzen, um \u00e4hnliche Auswirkungen auf die Gesundheit zu beschreiben<\/p>\n<p>&#8230; Basierend auf den Erfahrungen der Autoren10 zeigt die folgende Liste die am h\u00e4ufigsten genannten Symptome:<\/p>\n<p>Neurologisch<\/p>\n<ol>\n<li>Tinnitus<\/li>\n<li>Schwindel<\/li>\n<li>Gleichgewichtsst\u00f6rungen<\/li>\n<li>Ohrenschmerzen<\/li>\n<li>\u00dcbelkeit<\/li>\n<li>Kopfschmerzen<\/li>\n<\/ol>\n<p>Kognitiv<\/p>\n<ol>\n<li>Konzentrationsschwierigkeiten<\/li>\n<li>Probleme mit der Merkf\u00e4higkeit oder Schwierigkeiten mit der Erinnerung<\/li>\n<\/ol>\n<p>Herz \/ Kreislauf<\/p>\n<ol>\n<li>Bluthochdruck<\/li>\n<li>Herzklopfen<\/li>\n<li>Herzvergr\u00f6\u00dferung (Kardiomegalie)<\/li>\n<\/ol>\n<p>Psychisch<\/p>\n<ol>\n<li>Gem\u00fctsst\u00f6rung, z. B. Depression und Angst (b) Frustration<\/li>\n<li>Gef\u00fchle von Bedr\u00e4ngung\/Belastung<\/li>\n<li>\u00c4rger\/Zorn\/Verdru\u00df<\/li>\n<\/ol>\n<p>Regulationsst\u00f6rungen<\/p>\n<ol>\n<li>Schwierigkeiten bei der Kontrolle von Diabetes<\/li>\n<li>Beginn von Schilddr\u00fcsenst\u00f6rungen oder Schwierigkeiten bei der Kontrolle einer Unter- oder \u00dcberfunktion der Schilddr\u00fcse<\/li>\n<\/ol>\n<p>Systemisch<\/p>\n<ol>\n<li>Erm\u00fcdung\/Ersch\u00f6pfung<\/li>\n<li>Schl\u00e4frigkeit<\/li>\n<\/ol>\n<p>&#8230;Anmerkung der Autoren: Die Pr\u00e4misse zur Ber\u00fccksichtigung von Effekten in einer Entfer- nung bis zu 10 km resultiert aus der Meldung von Beeintr\u00e4chtigungen bis zu 10 km und der Ank\u00fcndigung von Health Canada vom 10. Februar 2013, dass f\u00fcr die \u201eWind Turbine Noise and Health Study\u201c Schallmessungen in Wohnh\u00e4usern in einer Entfernung von bis<br \/>\nzu 10 km zu Windkraftanlagen durchgef\u00fchrt werden. Siehe <a href=\"http:\/\/www.hc-sc.gc.ca\/ewh- semt\/consult\/_2013\/wind_turbine-eoliennes\/research_recherche-eng.php\" target=\"_blank\">www.hc-sc.gc.ca<\/a> (letztmals \u00fcberpr\u00fcft am 17. M\u00e4rz 2014)\u2026<\/p>\n<h2>Hintergr\u00fcnde zur Energiewende (und zur Gesundheit)<\/h2>\n<p><span class=\"green\">Warum die Energiewende technisch scheitert und die Entstehung und Auswirkungen von Infraschall auf die Gesundheit<\/span><br \/>\n<cite>13. April 2015: Interview von Holger Douglas, Vorstand Wissenschaft und Technik beim Deutscher Arbeitgeber Verband mit Prof. Dr. rer. nat. Frank Endres TU Clausthal, Institut f\u00fcr Elektrochemie<\/cite><br \/>\n<a href=\"http:\/\/www.deutscherarbeitgeberverband.de\/aktuelles\/2015_04_13_dav_aktuelles_interview_energie- wende.html\" target=\"_blank\">www.deutscherarbeitgeberverband.de<\/a><\/p>\n<p>&#8230; Dass durch Windkraftanlagen Infraschall mit (nicht h\u00f6rbaren) Frequenzen unter 20 Hz entsteht, zweifelt niemand mehr an, auch zweifelt niemand mehr an, dass umso mehr Infraschall entsteht, je gr\u00f6\u00dfer die Windkraftanlage ist. Die Studie aus D\u00e4nemark hat mich nicht \u00fcberrascht, denn Infraschall durch WKA (aber auch durch akustisch schlecht ge- d\u00e4mmte W\u00e4rmepumpen) ist messbar, und lebende Organismen reagieren auch darauf&#8230;<\/p>\n<p>&#8230;Wir haben im Jahre 2009 in unser Haus f\u00fcr gut 50.000 EUR eine elektrische W\u00e4rmepum- pe mit Erdsonden eingebaut. Ich bin seit Geburt Allergiker, bin mit meiner multiplen Pol- len- und Lebensmittel-Allergie aber immer gut zurechtgekommen.<br \/>\nIn den letzten Jahren verst\u00e4rkten sich meine Allergiebeschwerden so massiv, dass ich im Fr\u00fchjahr bis zu 6 Wochen arbeitsunf\u00e4hig war. 2013 \u00fcberstand ich das Fr\u00fchjahr nur noch mit Cortison. Wegen der stark gestiegenen Strompreise haben wir unsere W\u00e4rmepumpe im Sp\u00e4tsommer 2013 stillgelegt und wieder eine moderne Gasbrennwertheizung eingebaut. Zu meiner \u00dcberraschung hatte ich im Sommer 2014 vergleichsweise geringe Probleme, ich brauchte nicht einmal durchgehend Medikamente. Auch in diesem Jahr habe ich die Fr\u00fch- bl\u00fcher-Saison bisher gut \u00fcberstanden, kein Vergleich zu den Jahren davor. Ich habe dann meine Arztrechnungen recherchiert und festgestellt, dass meine Probleme seit 2010 massiv zunahmen\u2026.<\/p>\n<p>&#8230; Das geht so weit, dass eine deutsche Nachrichtensendung einen angek\u00fcndigten Beitrag zu Infraschall zur\u00fcckgezogen hat.<br \/>\nIn einer anderen \u00f6ffentlich rechtlichen Sendung wurden die Opfer von &#8211; Infraschall implizit als Spinner dargestellt. Eine verantwortungsvolle Regierung m\u00fcsste sofort die Notbremse ziehen und den weiteren Ausbau von Windkraftanlagen in Deutschland aussetzen, bis die Frage nach einer gesundheitlichen Gef\u00e4hrdung eindeutig gekl\u00e4rt ist\u2026.<\/p>\n","protected":false},"excerpt":{"rendered":"<p>Teilweise ist der Schall h\u00f6rbar \u2013 man spricht dann vom tieffrequenten Schall (20 bis 200 Hz) Teilweise ist der Schall nicht h\u00f6rbar \u2013 man spricht dann vom Infraschall (unter 20 Hz) Schall Der h\u00f6rbare L\u00e4rm im tieffrequenten Bereich ist in unserer l\u00e4ndlichen und ruhigen Region viel unangenehmer als in einer Industrieregion wegen des Unterschieds der &hellip; <a href=\"http:\/\/gesundheit-und-naturschutz.de\/?page_id=21\" class=\"more-link\">Continue reading <span class=\"screen-reader-text\">Schall und Infraschall und Gesundheit<\/span><\/a><\/p>\n","protected":false},"author":1,"featured_media":91,"parent":205,"menu_order":5,"comment_status":"open","ping_status":"closed","template":"","meta":[],"_links":{"self":[{"href":"http:\/\/gesundheit-und-naturschutz.de\/index.php?rest_route=\/wp\/v2\/pages\/21"}],"collection":[{"href":"http:\/\/gesundheit-und-naturschutz.de\/index.php?rest_route=\/wp\/v2\/pages"}],"about":[{"href":"http:\/\/gesundheit-und-naturschutz.de\/index.php?rest_route=\/wp\/v2\/types\/page"}],"author":[{"embeddable":true,"href":"http:\/\/gesundheit-und-naturschutz.de\/index.php?rest_route=\/wp\/v2\/users\/1"}],"replies":[{"embeddable":true,"href":"http:\/\/gesundheit-und-naturschutz.de\/index.php?rest_route=%2Fwp%2Fv2%2Fcomments&post=21"}],"version-history":[{"count":18,"href":"http:\/\/gesundheit-und-naturschutz.de\/index.php?rest_route=\/wp\/v2\/pages\/21\/revisions"}],"predecessor-version":[{"id":171,"href":"http:\/\/gesundheit-und-naturschutz.de\/index.php?rest_route=\/wp\/v2\/pages\/21\/revisions\/171"}],"up":[{"embeddable":true,"href":"http:\/\/gesundheit-und-naturschutz.de\/index.php?rest_route=\/wp\/v2\/pages\/205"}],"wp:featuredmedia":[{"embeddable":true,"href":"http:\/\/gesundheit-und-naturschutz.de\/index.php?rest_route=\/wp\/v2\/media\/91"}],"wp:attachment":[{"href":"http:\/\/gesundheit-und-naturschutz.de\/index.php?rest_route=%2Fwp%2Fv2%2Fmedia&parent=21"}],"curies":[{"name":"wp","href":"https:\/\/api.w.org\/{rel}","templated":true}]}}