{"id":30,"date":"2015-05-20T14:41:47","date_gmt":"2015-05-20T13:41:47","guid":{"rendered":"http:\/\/gesundheit-und-naturschutz.de\/?page_id=30"},"modified":"2017-05-23T14:52:39","modified_gmt":"2017-05-23T13:52:39","slug":"was-konnen-sie-tun-was-konnen-wir-tun","status":"publish","type":"page","link":"http:\/\/gesundheit-und-naturschutz.de\/?page_id=30","title":{"rendered":"Was k\u00f6nnen Sie tun \u2013 was k\u00f6nnen wir tun?"},"content":{"rendered":"<p><span class=\"green\">eine Klage \u00fcber den Infraschall hat zur Zeit noch eine geringe Chance, da die deutschen Gerichte sich bei ihren Entscheidungen auf deutsche Studien und Forschungen beziehen \u2013 und da gibt es leider im Gegensatz zu internationalen leider wenig.<\/p>\n<p><span class=\"green\">Eine Klage \u00fcber den Naturschutz ist nicht m\u00f6glich, da die Naturschutzverb\u00e4nde nicht klagen wollen \u2013 auch wenn der Verein f\u00fcr Naturschutz und Gesundheit Sensbachtal e.V. die Kosten bezahlen w\u00fcrde.<\/span><\/p>\n<p><span class=\"green\">Die einzige Chance ist, im Vorfeld unabh\u00e4ngige, unverf\u00e4lschte und nicht manipulierte Untersuchungen \u00fcber den Arten- und Naturschutz selbst in Auftrag zu geben. Aber daf\u00fcr braucht es Geld, das einer allein kaum aufbringen kann, aber wir in Gemeinschaft schon. Zusammen k\u00f6nnen wir viel bewegen.<\/span><\/p>\n<p><span class=\"green\">Wir wollen Untersuchungen f\u00fcr Flederm\u00e4use, Schwarzstorch, Rotmilan, Waldschnepfe und Greifv\u00f6gel finanzieren und durchf\u00fchren lassen. Das kostet 85.000 \u20ac &#8211; daf\u00fcr m\u00fcssen wir zusammen stehen und uns engagieren &#8211; zum Schutz unseres Lebens und unserer Lebensgrundlage. Bitte spenden Sie daf\u00fcr.<\/span><\/p>\n<p><span class=\"green\">Der Vorstand des Vereins spendet seit 25 Jahren 5 % seines Gewinns \u2013 wenn Sie das nicht k\u00f6nnen, dann spenden Sie weniger. Aber in diesem und vielleicht im n\u00e4chsten Jahr kommt es darauf an, ob wir unsere Lebensgrundlage in den beiden T\u00e4lern der Sensbacher H\u00f6he \u2013 Gammelsbach und Sensbachtal \u2013 in den n\u00e4chsten Jahren erhalten werden.<\/span><\/p>\n<p><span class=\"green\">Der Naturschutz und Gesundheit Sensbachtal ist anerkannt gemeinn\u00fctzig, d.h. Sie k\u00f6nnen Ihre Spende steuerwirksam geltend machen.<\/span><\/p>\n<p><strong>BANKVERBINDUNG<\/strong><\/p>\n<p>Kontoinhaber: Gesundheit und Naturschutz Sensbachtal e.V.<br \/>\nIBAN: DE87 6725 0020 0009 2252 77<br \/>\nBIC\/SWIFT: SOLADES1HDB<br \/>\nBank: Sparkasse Heidelberg<\/p>\n","protected":false},"excerpt":{"rendered":"<p>eine Klage \u00fcber den Infraschall hat zur Zeit noch eine geringe Chance, da die deutschen Gerichte sich bei ihren Entscheidungen auf deutsche Studien und Forschungen beziehen \u2013 und da gibt es leider im Gegensatz zu internationalen leider wenig. Eine Klage \u00fcber den Naturschutz ist nicht m\u00f6glich, da die Naturschutzverb\u00e4nde nicht klagen wollen \u2013 auch wenn &hellip; <a href=\"http:\/\/gesundheit-und-naturschutz.de\/?page_id=30\" class=\"more-link\">Continue reading <span class=\"screen-reader-text\">Was k\u00f6nnen Sie tun \u2013 was k\u00f6nnen wir tun?<\/span><\/a><\/p>\n","protected":false},"author":1,"featured_media":195,"parent":205,"menu_order":10,"comment_status":"open","ping_status":"closed","template":"","meta":[],"_links":{"self":[{"href":"http:\/\/gesundheit-und-naturschutz.de\/index.php?rest_route=\/wp\/v2\/pages\/30"}],"collection":[{"href":"http:\/\/gesundheit-und-naturschutz.de\/index.php?rest_route=\/wp\/v2\/pages"}],"about":[{"href":"http:\/\/gesundheit-und-naturschutz.de\/index.php?rest_route=\/wp\/v2\/types\/page"}],"author":[{"embeddable":true,"href":"http:\/\/gesundheit-und-naturschutz.de\/index.php?rest_route=\/wp\/v2\/users\/1"}],"replies":[{"embeddable":true,"href":"http:\/\/gesundheit-und-naturschutz.de\/index.php?rest_route=%2Fwp%2Fv2%2Fcomments&post=30"}],"version-history":[{"count":10,"href":"http:\/\/gesundheit-und-naturschutz.de\/index.php?rest_route=\/wp\/v2\/pages\/30\/revisions"}],"predecessor-version":[{"id":196,"href":"http:\/\/gesundheit-und-naturschutz.de\/index.php?rest_route=\/wp\/v2\/pages\/30\/revisions\/196"}],"up":[{"embeddable":true,"href":"http:\/\/gesundheit-und-naturschutz.de\/index.php?rest_route=\/wp\/v2\/pages\/205"}],"wp:featuredmedia":[{"embeddable":true,"href":"http:\/\/gesundheit-und-naturschutz.de\/index.php?rest_route=\/wp\/v2\/media\/195"}],"wp:attachment":[{"href":"http:\/\/gesundheit-und-naturschutz.de\/index.php?rest_route=%2Fwp%2Fv2%2Fmedia&parent=30"}],"curies":[{"name":"wp","href":"https:\/\/api.w.org\/{rel}","templated":true}]}}