{"id":15,"date":"2015-05-20T14:38:44","date_gmt":"2015-05-20T13:38:44","guid":{"rendered":"http:\/\/gesundheit-und-naturschutz.de\/?page_id=15"},"modified":"2017-05-23T14:49:34","modified_gmt":"2017-05-23T13:49:34","slug":"okologischer-sinn-und-unsinn-von-windkraft-industrieanlagen","status":"publish","type":"page","link":"https:\/\/gesundheit-und-naturschutz.de\/?page_id=15","title":{"rendered":"\u00d6kologischer Sinn und Unsinn von Windkraft Industrieanlagen"},"content":{"rendered":"<p><span class=\"green\">Mit Windkraft Industrieanlagen wird mehr CO2 erzeugt, als ohne.<br \/>\nDas klingt erst mal unlogisch \u2013 ist aber auf den zweiten Blick einleuchtend.<br \/>\nHinter jeder Windkraft Industrieanlage muss ein Schattenkraftwerk stehen, das dann aktiv wird, wenn kein oder weniger Wind weht \u2013 und das IMMER im Standby laufen und jederzeit einsatzbereit sein muss (erzeugt viel CO2). Es k\u00f6nnen KEINE konventio- nellen Kraftwerke eingespart werden, ohne einen Black-Out zu erzeugen \u2013 es sei denn, wir beziehen den Strom vom Ausland (Atomkraft, etc). Dazu kommt der hohe Energieaufwand (CO2) f\u00fcr die Produktion der Windkraft Industrieanlagen.<\/span><\/p>\n<h3>Pressestimmen<\/h3>\n<h2>Die traurige Klimabilanz der Energiewende. Der CO2 Aussto\u00df steigt<\/h2>\n<p><span class=\"green\">Die Berechnungen und Ergebnisse des Umweltbundesamtes<\/span><br \/>\n<cite>10.3.2015 Wirtschaftswoche (u.a.)<\/cite><\/p>\n<p><a href=\"http:\/\/green.wiwo.de\/co2-ausstoss-steigt-die-traurige-klimabilanz-der-energiewende\/\" target=\"_blank\">green.wiwo.de<\/a><\/p>\n<p>&#8230; Diese Zahlen werfen ein Schlaglicht auf einen Fakt, der in der Diskussion um die Ener- giewende bisher noch viel zu selten eine Rolle spielt (vor allem die Kosten sind derzeit Gegenstand der Diskussion): N\u00e4mlich, dass der massive Ausbau von Wind-, Solar- und Biogasanlagen in Deutschland bisher kaum etwas zum Klimaschutz beigetragen hat. Die Klimabilanz der Energiewende ist ern\u00fcchternd. \u2026<\/p>\n<h2>Schmutziger Irrtum<\/h2>\n<p><span class=\"green\">Patrick Graichen, der Leiter des Thinktanks Agora, der die Energiewende fachlich kreiert hat, bekennt, dass das Konzept viele Fehler hat:<\/span><br \/>\n<cite>4.12. 2014 DIE ZEIT<\/cite><\/p>\n<p><a href=\"http:\/\/www.zeit.de\/2014\/50\/schmutziger-irrtum-energiewende-klimawandel\" target=\"_blank\">www.zeit.de<\/a><\/p>\n<p>&#8230; Graichen sagt, kurz gefasst: Wir haben uns geirrt bei der Energiewende. Nicht in ein paar Details, sondern in einem zentralen Punkt. Die vielen neuen Windr\u00e4der und Solaranlagen, die Deutschland baut, leisten nicht, was wir uns von ihnen versprochen haben\u2026<\/p>\n<p><span class=\"green\">und weiter:<\/span><br \/>\nNaturschutz und Gesundheit Sensbachtal e.V.<br \/>\n\ufffc&#8230; Im Nachhinein ist das alles logisch\u201c, sagt Graichen. \u201eTrotzdem hat hier vor drei, vier Jah- ren keiner diese Logik so durchschaut.\u201c &#8230;<\/p>\n<p><span class=\"green\">und zum Schluss:<\/span><br \/>\n&#8230; All das muss man wissen, um zu verstehen, warum die Regierung nun in aller Eile ein neues \u201eKlimapaket\u201c verabschiedet. Es geht l\u00e4ngst nicht mehr um das Klimaziel \u2013 sondern nur noch darum, eine Blamage in Grenzen zu halten.<\/p>\n<h2>Nutzlose \u00d6kostromf\u00f6rderung: Der verschwiegene Klimapolitik-Skandal<\/h2>\n<p><span class=\"green\">Bundesrepublik verdreht (verf\u00e4lscht) Darstellung des IPCC (Klimarat) zur deutschen Energiewende<\/span><br \/>\n<cite>1.6.2014 FAZ<\/cite><\/p>\n<p><a href=\"http:\/\/www.faz.net\/aktuell\/wirtschaft\/wirtschaftspolitik\/bundesregierung-interpretiert-klimabericht-um-12967222-p2.html\" target=\"_blank\">www.faz.net<\/a><\/p>\n<p>&#8230; Der neue Bericht des Weltklimarats stellt Deutschlands Klimapolitik ein schlechtes Zeugnis aus: Die milliardenschwere \u00d6kostromf\u00f6rderung sei nutzlos &#8211; weil es das Emissionshandelssystem gibt. Doch diese unbequeme Wahrheit hat die Regierung in ihrer Zusammenfassung verdreht&#8230;.<\/p>\n<p><span class=\"green\">und weiter:<\/span><br \/>\n&#8230; Die Antwort der Wissenschaftler des IPCC auf den Seiten 32-33 der Zusammenfassung f\u00fcr Politiker ist eindeutig: Eine F\u00f6rderung erneuerbarer Energien ist in diesem Fall wirkungslos, sehr teuer und deshalb sogar kontraproduktiv. Anders ausgedr\u00fcckt: Die Klimapolitik Deutschlands erh\u00e4lt vom Weltklimarat ein schlechtes Zeugnis\u2026<\/p>\n<h2>Windkraft zerst\u00f6rt das Land mehr als jede Industrie<\/h2>\n<p><span class=\"green\">Ganze Regionen, die fr\u00fcher Natur-Landschaft waren sind heute gro\u00dffl\u00e4chige Industriege- biete, selbst Naturschutzgebiete wurden in Industriegebiete umgewandelt.<br \/>\nDer Denkmalschutz wird missachtet. Auch das kulturelle Erbe von Jahrhunderten z\u00e4hlt nicht mehr!<\/span><br \/>\n<cite>5.3.2015 \u2013 DIE WELT<\/cite><\/p>\n<p><a href=\"http:\/\/www.welt.de\/debatte\/kolumnen\/unterwegs\/article138101608\/Windkraft-zerstoert-das-Land-mehr-als-jede-Industrie.html\" target=\"_blank\">www.welt.de<\/a><\/p>\n<p>&#8230; Naturschutz galt Gr\u00fcnen der ersten Stunde als das H\u00f6chste. Jetzt sind es dieselben Ak- tivisten, die uns die Verschandelung der Landschaft sch\u00f6nreden: Wir m\u00fcssten uns W\u00e4lder und Auen untertan machen!\u2026<\/p>\n","protected":false},"excerpt":{"rendered":"<p>Mit Windkraft Industrieanlagen wird mehr CO2 erzeugt, als ohne. Das klingt erst mal unlogisch \u2013 ist aber auf den zweiten Blick einleuchtend. Hinter jeder Windkraft Industrieanlage muss ein Schattenkraftwerk stehen, das dann aktiv wird, wenn kein oder weniger Wind weht \u2013 und das IMMER im Standby laufen und jederzeit einsatzbereit sein muss (erzeugt viel CO2). &hellip; <a href=\"https:\/\/gesundheit-und-naturschutz.de\/?page_id=15\" class=\"more-link\">Continue reading <span class=\"screen-reader-text\">\u00d6kologischer Sinn und Unsinn von Windkraft Industrieanlagen<\/span><\/a><\/p>\n","protected":false},"author":1,"featured_media":195,"parent":205,"menu_order":2,"comment_status":"open","ping_status":"closed","template":"","meta":[],"_links":{"self":[{"href":"https:\/\/gesundheit-und-naturschutz.de\/index.php?rest_route=\/wp\/v2\/pages\/15"}],"collection":[{"href":"https:\/\/gesundheit-und-naturschutz.de\/index.php?rest_route=\/wp\/v2\/pages"}],"about":[{"href":"https:\/\/gesundheit-und-naturschutz.de\/index.php?rest_route=\/wp\/v2\/types\/page"}],"author":[{"embeddable":true,"href":"https:\/\/gesundheit-und-naturschutz.de\/index.php?rest_route=\/wp\/v2\/users\/1"}],"replies":[{"embeddable":true,"href":"https:\/\/gesundheit-und-naturschutz.de\/index.php?rest_route=%2Fwp%2Fv2%2Fcomments&post=15"}],"version-history":[{"count":20,"href":"https:\/\/gesundheit-und-naturschutz.de\/index.php?rest_route=\/wp\/v2\/pages\/15\/revisions"}],"predecessor-version":[{"id":179,"href":"https:\/\/gesundheit-und-naturschutz.de\/index.php?rest_route=\/wp\/v2\/pages\/15\/revisions\/179"}],"up":[{"embeddable":true,"href":"https:\/\/gesundheit-und-naturschutz.de\/index.php?rest_route=\/wp\/v2\/pages\/205"}],"wp:featuredmedia":[{"embeddable":true,"href":"https:\/\/gesundheit-und-naturschutz.de\/index.php?rest_route=\/wp\/v2\/media\/195"}],"wp:attachment":[{"href":"https:\/\/gesundheit-und-naturschutz.de\/index.php?rest_route=%2Fwp%2Fv2%2Fmedia&parent=15"}],"curies":[{"name":"wp","href":"https:\/\/api.w.org\/{rel}","templated":true}]}}