{"id":27,"date":"2015-05-20T14:40:58","date_gmt":"2015-05-20T13:40:58","guid":{"rendered":"http:\/\/gesundheit-und-naturschutz.de\/?page_id=27"},"modified":"2017-05-23T15:02:57","modified_gmt":"2017-05-23T14:02:57","slug":"filmbeitrage","status":"publish","type":"page","link":"https:\/\/gesundheit-und-naturschutz.de\/?page_id=27","title":{"rendered":"Filmbeitr\u00e4ge"},"content":{"rendered":"<p>Windiges Geld<br \/>\n<a href=\"http:\/\/www.ardmediathek.de\/tv\/45-Min\/Windiges-Geld\/NDR-Fernsehen\/Video?documentId=27235110&#038;b- castId=12772246\" target=\"_blank\">www.ardmediathek.de<\/a><\/p>\n<p>Neodym &#8211; Das schmutzige Geheimnis sauberer Windr\u00e4der Dauer 6 Minuten<br \/>\n<a href=\"https:\/\/www.youtube.com\/watch?v=gcP2Afp7xnE\" target=\"_blank\">YouTube.com<\/a><\/p>\n<p>Schon in 2010 eine perfekte Zusammenfassung in RTL-SpiegelTV: Das M\u00e4rchen von der sauberen Windkraft<br \/>\n<iframe loading=\"lazy\" width=\"420\" height=\"315\" src=\"https:\/\/www.youtube.com\/embed\/ek_2Ewo9F88?rel=0\" frameborder=\"0\" allowfullscreen><\/iframe><br \/>\n<iframe loading=\"lazy\" width=\"420\" height=\"315\" src=\"https:\/\/www.youtube.com\/embed\/9qPI7ebdaMU?rel=0\" frameborder=\"0\" allowfullscreen><\/iframe><\/p>\n<p>1v2 Das schmutzige Geheimnis sauberer Windr\u00e4der<br \/>\n<iframe loading=\"lazy\" width=\"560\" height=\"315\" src=\"https:\/\/www.youtube.com\/embed\/zmuaa_smAMw?rel=0\" frameborder=\"0\" allowfullscreen><\/iframe><\/p>\n<p>Nabu und der Windanlagenbau<br \/>\n<iframe loading=\"lazy\" width=\"560\" height=\"315\" src=\"https:\/\/www.youtube.com\/embed\/LHLTQ4-RHnc?rel=0\" frameborder=\"0\" allowfullscreen><\/iframe><\/p>\n<p>Wie rentabel sind Windr\u00e4der wirklich?<br \/>\n<a href=\"https:\/\/swrmediathek.de\/player.htm?show=2b389f40-3a60-11e4-9f31-0026b975f2e6\" target=\"_blank\">swrmediathek.de<\/a><\/p>\n<p>Windwahn<br \/>\n<a href=\"http:\/\/www.windwahn.de\/\" target=\"_blank\">www.windwahn.de<\/a><\/p>\n<p>Vernunftkraft<br \/>\n<a href=\"http:\/\/www.vernunftkraft.de\/\" target=\"_blank\">www.vernunftkraft.de<\/a><\/p>\n","protected":false},"excerpt":{"rendered":"<p>Windiges Geld www.ardmediathek.de Neodym &#8211; Das schmutzige Geheimnis sauberer Windr\u00e4der Dauer 6 Minuten YouTube.com Schon in 2010 eine perfekte Zusammenfassung in RTL-SpiegelTV: Das M\u00e4rchen von der sauberen Windkraft 1v2 Das schmutzige Geheimnis sauberer Windr\u00e4der Nabu und der Windanlagenbau Wie rentabel sind Windr\u00e4der wirklich? swrmediathek.de Windwahn www.windwahn.de Vernunftkraft www.vernunftkraft.de<\/p>\n","protected":false},"author":1,"featured_media":0,"parent":205,"menu_order":8,"comment_status":"open","ping_status":"closed","template":"","meta":[],"_links":{"self":[{"href":"https:\/\/gesundheit-und-naturschutz.de\/index.php?rest_route=\/wp\/v2\/pages\/27"}],"collection":[{"href":"https:\/\/gesundheit-und-naturschutz.de\/index.php?rest_route=\/wp\/v2\/pages"}],"about":[{"href":"https:\/\/gesundheit-und-naturschutz.de\/index.php?rest_route=\/wp\/v2\/types\/page"}],"author":[{"embeddable":true,"href":"https:\/\/gesundheit-und-naturschutz.de\/index.php?rest_route=\/wp\/v2\/users\/1"}],"replies":[{"embeddable":true,"href":"https:\/\/gesundheit-und-naturschutz.de\/index.php?rest_route=%2Fwp%2Fv2%2Fcomments&post=27"}],"version-history":[{"count":6,"href":"https:\/\/gesundheit-und-naturschutz.de\/index.php?rest_route=\/wp\/v2\/pages\/27\/revisions"}],"predecessor-version":[{"id":168,"href":"https:\/\/gesundheit-und-naturschutz.de\/index.php?rest_route=\/wp\/v2\/pages\/27\/revisions\/168"}],"up":[{"embeddable":true,"href":"https:\/\/gesundheit-und-naturschutz.de\/index.php?rest_route=\/wp\/v2\/pages\/205"}],"wp:attachment":[{"href":"https:\/\/gesundheit-und-naturschutz.de\/index.php?rest_route=%2Fwp%2Fv2%2Fmedia&parent=27"}],"curies":[{"name":"wp","href":"https:\/\/api.w.org\/{rel}","templated":true}]}}